{"id":56,"date":"2021-12-01T16:53:54","date_gmt":"2021-12-01T19:53:54","guid":{"rendered":"https:\/\/objetivoline.com.br\/varejo\/produto\/polaina\/"},"modified":"2024-01-07T17:27:40","modified_gmt":"2024-01-07T20:27:40","slug":"polaina","status":"publish","type":"product","link":"https:\/\/objetivoline.com.br\/varejo\/produto\/polaina\/","title":{"rendered":"Polaina"},"content":{"rendered":"","protected":false},"excerpt":{"rendered":"<p><strong>Detalhes<\/strong><br \/>\nPolaina para a pr\u00e1tica de dan\u00e7a. Tamanho \u00fanico.<\/p>\n<p><strong>Cuidados e Mat\u00e9ria-Prima<\/strong><br \/>\n\u2022 65% algod\u00e3o, 30% poliamida, 3% elastano e 2% elastodieno<br \/>\n\u2022 Lavagem a m\u00e3o<br \/>\n\u2022 N\u00e3o usar produtos com cloro ou outros alvejantes.<br \/>\n\u2022 N\u00e3o secar em m\u00e1quina.<br \/>\n\u2022 N\u00e3o passar.<br \/>\n\u2022 N\u00e3o lavar a seco.<\/p>\n","protected":false},"featured_media":279,"template":"","meta":[],"product_cat":[38],"product_tag":[],"_links":{"self":[{"href":"https:\/\/objetivoline.com.br\/varejo\/wp-json\/wp\/v2\/product\/56"}],"collection":[{"href":"https:\/\/objetivoline.com.br\/varejo\/wp-json\/wp\/v2\/product"}],"about":[{"href":"https:\/\/objetivoline.com.br\/varejo\/wp-json\/wp\/v2\/types\/product"}],"wp:featuredmedia":[{"embeddable":true,"href":"https:\/\/objetivoline.com.br\/varejo\/wp-json\/wp\/v2\/media\/279"}],"wp:attachment":[{"href":"https:\/\/objetivoline.com.br\/varejo\/wp-json\/wp\/v2\/media?parent=56"}],"wp:term":[{"taxonomy":"product_cat","embeddable":true,"href":"https:\/\/objetivoline.com.br\/varejo\/wp-json\/wp\/v2\/product_cat?post=56"},{"taxonomy":"product_tag","embeddable":true,"href":"https:\/\/objetivoline.com.br\/varejo\/wp-json\/wp\/v2\/product_tag?post=56"}],"curies":[{"name":"wp","href":"https:\/\/api.w.org\/{rel}","templated":true}]}}