{"id":49,"date":"2021-12-01T16:52:57","date_gmt":"2021-12-01T19:52:57","guid":{"rendered":"https:\/\/objetivoline.com.br\/varejo\/produto\/maio\/"},"modified":"2026-01-02T18:45:27","modified_gmt":"2026-01-02T21:45:27","slug":"maio","status":"publish","type":"product","link":"https:\/\/objetivoline.com.br\/varejo\/produto\/maio\/","title":{"rendered":"Mai\u00f4"},"content":{"rendered":"","protected":false},"excerpt":{"rendered":"<p><strong>Detalhes<\/strong><br \/>\nMai\u00f4 para nata\u00e7\u00e3o com al\u00e7a tipo nadador e recorte oval nas costas. Vivo lateral amarelo. Produto forrado. Logomarca aplicada com bordado.<\/p>\n<p><strong>Cuidados e Mat\u00e9ria-Prima<\/strong><br \/>\n\u2022 85% poliamida 15%elastano<br \/>\n\u2022 Lavagem normal at\u00e9 40\u00b0C<br \/>\n\u2022 N\u00e3o usar alvejantes.<br \/>\n\u2022 N\u00e3o secar em m\u00e1quina.<br \/>\n\u2022 N\u00e3o passar.<br \/>\n\u2022 N\u00e3o lava a seco.<\/p>\n","protected":false},"featured_media":272,"template":"","meta":[],"product_cat":[38],"product_tag":[],"_links":{"self":[{"href":"https:\/\/objetivoline.com.br\/varejo\/wp-json\/wp\/v2\/product\/49"}],"collection":[{"href":"https:\/\/objetivoline.com.br\/varejo\/wp-json\/wp\/v2\/product"}],"about":[{"href":"https:\/\/objetivoline.com.br\/varejo\/wp-json\/wp\/v2\/types\/product"}],"wp:featuredmedia":[{"embeddable":true,"href":"https:\/\/objetivoline.com.br\/varejo\/wp-json\/wp\/v2\/media\/272"}],"wp:attachment":[{"href":"https:\/\/objetivoline.com.br\/varejo\/wp-json\/wp\/v2\/media?parent=49"}],"wp:term":[{"taxonomy":"product_cat","embeddable":true,"href":"https:\/\/objetivoline.com.br\/varejo\/wp-json\/wp\/v2\/product_cat?post=49"},{"taxonomy":"product_tag","embeddable":true,"href":"https:\/\/objetivoline.com.br\/varejo\/wp-json\/wp\/v2\/product_tag?post=49"}],"curies":[{"name":"wp","href":"https:\/\/api.w.org\/{rel}","templated":true}]}}