{"id":40,"date":"2021-12-01T16:52:57","date_gmt":"2021-12-01T19:52:57","guid":{"rendered":"https:\/\/objetivoline.com.br\/varejo\/produto\/calca-feminina-de-moletom\/"},"modified":"2026-03-20T15:52:10","modified_gmt":"2026-03-20T18:52:10","slug":"calca-feminina-de-moletom","status":"publish","type":"product","link":"https:\/\/objetivoline.com.br\/varejo\/produto\/calca-feminina-de-moletom\/","title":{"rendered":"Cal\u00e7a feminina de moletom"},"content":{"rendered":"","protected":false},"excerpt":{"rendered":"<p><strong>Detalhes<\/strong><br \/>\nCal\u00e7a de moletom stretch. C\u00f3s largo com punho e el\u00e1stico. Aplica\u00e7\u00e3o de logomarca na perna com prote\u00e7\u00e3o interna.<\/p>\n<p><strong>Cuidados e Mat\u00e9ria-Prima<\/strong><br \/>\n\u2022 48% poli\u00e9ster, 47% algod\u00e3o e 5% elastano<br \/>\n\u2022 Pode ser lavado na temperatura m\u00e1ximo de 40\u00b0C.<br \/>\n\u2022 N\u00e3o usar produtos com cloro ou outros alvejantes.<br \/>\n\u2022 Pode secar em m\u00e1quina com temperatura baixa.<br \/>\n\u2022 \u00c9 permitido usar ferro at\u00e9 100\u00b0C sem vapor.<br \/>\n\u2022 N\u00e3o lavar a seco.<\/p>\n<p><img decoding=\"async\" src=\"https:\/\/objetivoline.com.br\/wp-content\/uploads\/2023\/06\/30-cal%C3%A7a-feminina-de-moletom-1-scaled.jpg\" \/><\/p>\n","protected":false},"featured_media":649,"template":"","meta":[],"product_cat":[37],"product_tag":[],"_links":{"self":[{"href":"https:\/\/objetivoline.com.br\/varejo\/wp-json\/wp\/v2\/product\/40"}],"collection":[{"href":"https:\/\/objetivoline.com.br\/varejo\/wp-json\/wp\/v2\/product"}],"about":[{"href":"https:\/\/objetivoline.com.br\/varejo\/wp-json\/wp\/v2\/types\/product"}],"wp:featuredmedia":[{"embeddable":true,"href":"https:\/\/objetivoline.com.br\/varejo\/wp-json\/wp\/v2\/media\/649"}],"wp:attachment":[{"href":"https:\/\/objetivoline.com.br\/varejo\/wp-json\/wp\/v2\/media?parent=40"}],"wp:term":[{"taxonomy":"product_cat","embeddable":true,"href":"https:\/\/objetivoline.com.br\/varejo\/wp-json\/wp\/v2\/product_cat?post=40"},{"taxonomy":"product_tag","embeddable":true,"href":"https:\/\/objetivoline.com.br\/varejo\/wp-json\/wp\/v2\/product_tag?post=40"}],"curies":[{"name":"wp","href":"https:\/\/api.w.org\/{rel}","templated":true}]}}