{"id":29,"date":"2021-12-01T16:52:04","date_gmt":"2021-12-01T19:52:04","guid":{"rendered":"https:\/\/objetivoline.com.br\/varejo\/produto\/blusao\/"},"modified":"2026-03-20T15:47:29","modified_gmt":"2026-03-20T18:47:29","slug":"blusao","status":"publish","type":"product","link":"https:\/\/objetivoline.com.br\/varejo\/produto\/blusao\/","title":{"rendered":"Blus\u00e3o \u2013 Neo Strike"},"content":{"rendered":"","protected":false},"excerpt":{"rendered":"<p><strong>Detalhes<\/strong><br \/>\nBlus\u00e3o com manga ragl\u00e3. Tecido plano 100% poli\u00e9ster com tecnologia tecnodry de alta performance. Bolso faca frontal. Z\u00edper com protetor na gola. Pe\u00e7a forrada em malha dry. Listra amarela lateral e vivo branco na costura. Logomarca bordada na pe\u00e7a.<\/p>\n<p><strong>Cuidados e Mat\u00e9ria-Prima<\/strong><br \/>\n\u2022 100% poli\u00e9ster.<br \/>\n\u2022 Lavagem a m\u00e3o.<br \/>\n\u2022 N\u00e3o usar produtos com cloro ou outros alvejantes.<br \/>\n\u2022 N\u00e3o secar em m\u00e1quina.<br \/>\n\u2022 N\u00e3o passar.<br \/>\n\u2022 N\u00e3o lavar a seco.<\/p>\n<p><img decoding=\"async\" src=\"https:\/\/objetivoline.com.br\/wp-content\/uploads\/2021\/03\/19-blus\u00e3o-scaled.jpg\" \/><\/p>\n","protected":false},"featured_media":251,"template":"","meta":[],"product_cat":[21],"product_tag":[93],"_links":{"self":[{"href":"https:\/\/objetivoline.com.br\/varejo\/wp-json\/wp\/v2\/product\/29"}],"collection":[{"href":"https:\/\/objetivoline.com.br\/varejo\/wp-json\/wp\/v2\/product"}],"about":[{"href":"https:\/\/objetivoline.com.br\/varejo\/wp-json\/wp\/v2\/types\/product"}],"wp:featuredmedia":[{"embeddable":true,"href":"https:\/\/objetivoline.com.br\/varejo\/wp-json\/wp\/v2\/media\/251"}],"wp:attachment":[{"href":"https:\/\/objetivoline.com.br\/varejo\/wp-json\/wp\/v2\/media?parent=29"}],"wp:term":[{"taxonomy":"product_cat","embeddable":true,"href":"https:\/\/objetivoline.com.br\/varejo\/wp-json\/wp\/v2\/product_cat?post=29"},{"taxonomy":"product_tag","embeddable":true,"href":"https:\/\/objetivoline.com.br\/varejo\/wp-json\/wp\/v2\/product_tag?post=29"}],"curies":[{"name":"wp","href":"https:\/\/api.w.org\/{rel}","templated":true}]}}