{"id":28,"date":"2021-12-01T16:52:04","date_gmt":"2021-12-01T19:52:04","guid":{"rendered":"https:\/\/objetivoline.com.br\/varejo\/produto\/jardineira\/"},"modified":"2026-01-02T18:37:12","modified_gmt":"2026-01-02T21:37:12","slug":"jardineira","status":"publish","type":"product","link":"https:\/\/objetivoline.com.br\/varejo\/produto\/jardineira\/","title":{"rendered":"Jardineira"},"content":{"rendered":"","protected":false},"excerpt":{"rendered":"<p><strong>Detalhes<\/strong><br \/>\nVestido com saia evas\u00ea. Tecido plano 100% poli\u00e9ster com tecnologia tecnodry de alta performance. Fechamento por bot\u00f5es nas costas. Listra amarela lateral e vivo branco na costura. Logomarca bordada na pe\u00e7a.<\/p>\n<p><strong>Cuidados e Mat\u00e9ria-Prima<\/strong><br \/>\n\u2022 100% poli\u00e9ster.<br \/>\n\u2022 Lavagem a m\u00e3o.<br \/>\n\u2022 N\u00e3o usar produtos com cloro ou outros alvejantes.<br \/>\n\u2022 N\u00e3o secar em m\u00e1quina.<br \/>\n\u2022 N\u00e3o passar.<br \/>\n\u2022 N\u00e3o lavar a seco.<\/p>\n<p><img decoding=\"async\" src=\"https:\/\/objetivoline.com.br\/wp-content\/uploads\/2021\/03\/18-jardeneira-scaled.jpg\" \/><\/p>\n","protected":false},"featured_media":665,"template":"","meta":[],"product_cat":[21],"product_tag":[93],"_links":{"self":[{"href":"https:\/\/objetivoline.com.br\/varejo\/wp-json\/wp\/v2\/product\/28"}],"collection":[{"href":"https:\/\/objetivoline.com.br\/varejo\/wp-json\/wp\/v2\/product"}],"about":[{"href":"https:\/\/objetivoline.com.br\/varejo\/wp-json\/wp\/v2\/types\/product"}],"wp:featuredmedia":[{"embeddable":true,"href":"https:\/\/objetivoline.com.br\/varejo\/wp-json\/wp\/v2\/media\/665"}],"wp:attachment":[{"href":"https:\/\/objetivoline.com.br\/varejo\/wp-json\/wp\/v2\/media?parent=28"}],"wp:term":[{"taxonomy":"product_cat","embeddable":true,"href":"https:\/\/objetivoline.com.br\/varejo\/wp-json\/wp\/v2\/product_cat?post=28"},{"taxonomy":"product_tag","embeddable":true,"href":"https:\/\/objetivoline.com.br\/varejo\/wp-json\/wp\/v2\/product_tag?post=28"}],"curies":[{"name":"wp","href":"https:\/\/api.w.org\/{rel}","templated":true}]}}