{"id":1667,"date":"2022-07-10T17:24:24","date_gmt":"2022-07-10T20:24:24","guid":{"rendered":"https:\/\/objetivoline.com.br\/varejo\/?post_type=product&#038;p=1667"},"modified":"2025-01-20T13:14:44","modified_gmt":"2025-01-20T16:14:44","slug":"camiseta-dry-branca-com-recorte-azul","status":"publish","type":"product","link":"https:\/\/objetivoline.com.br\/varejo\/produto\/camiseta-dry-branca-com-recorte-azul\/","title":{"rendered":"Camiseta Dry branca com recorte azul"},"content":{"rendered":"","protected":false},"excerpt":{"rendered":"<p><strong>Detalhes<\/strong><br \/>\nCamiseta confeccionada em malha dry fit tecnol\u00f3gica com transporte de umidade e secagem r\u00e1pida. Recorte lateral de malha dry fit. Aplica\u00e7\u00e3o de logomarca em silk.<\/p>\n<p><strong>Cuidados e Mat\u00e9ria-Prima<\/strong><br \/>\n\u2022 100% poli\u00e9ster.<br \/>\n\u2022 Lavagem a m\u00e3o.<br \/>\n\u2022 N\u00e3o usar produtos com cloro ou outros alvejantes.<br \/>\n\u2022 N\u00e3o secar em m\u00e1quina.<br \/>\n\u2022 N\u00e3o passar.<br \/>\n\u2022 N\u00e3o lavar a seco.<\/p>\n<p><img decoding=\"async\" src=\"https:\/\/objetivoline.com.br\/wp-content\/uploads\/2021\/03\/10-camiseta-dry-azul-com-recorte-amarelo-scaled.jpg\" \/><\/p>\n","protected":false},"featured_media":658,"template":"","meta":[],"product_cat":[19],"product_tag":[],"_links":{"self":[{"href":"https:\/\/objetivoline.com.br\/varejo\/wp-json\/wp\/v2\/product\/1667"}],"collection":[{"href":"https:\/\/objetivoline.com.br\/varejo\/wp-json\/wp\/v2\/product"}],"about":[{"href":"https:\/\/objetivoline.com.br\/varejo\/wp-json\/wp\/v2\/types\/product"}],"wp:featuredmedia":[{"embeddable":true,"href":"https:\/\/objetivoline.com.br\/varejo\/wp-json\/wp\/v2\/media\/658"}],"wp:attachment":[{"href":"https:\/\/objetivoline.com.br\/varejo\/wp-json\/wp\/v2\/media?parent=1667"}],"wp:term":[{"taxonomy":"product_cat","embeddable":true,"href":"https:\/\/objetivoline.com.br\/varejo\/wp-json\/wp\/v2\/product_cat?post=1667"},{"taxonomy":"product_tag","embeddable":true,"href":"https:\/\/objetivoline.com.br\/varejo\/wp-json\/wp\/v2\/product_tag?post=1667"}],"curies":[{"name":"wp","href":"https:\/\/api.w.org\/{rel}","templated":true}]}}