{"id":1628,"date":"2022-07-10T02:04:18","date_gmt":"2022-07-10T05:04:18","guid":{"rendered":"https:\/\/objetivoline.com.br\/varejo\/?post_type=product&#038;p=1628"},"modified":"2024-06-17T15:09:16","modified_gmt":"2024-06-17T18:09:16","slug":"body-manga-longa","status":"publish","type":"product","link":"https:\/\/objetivoline.com.br\/varejo\/produto\/body-manga-longa\/","title":{"rendered":"Body manga longa"},"content":{"rendered":"","protected":false},"excerpt":{"rendered":"<p><strong>Detalhes<\/strong><\/p>\n<p>Confeccionado em malha de algod\u00e3o com estampa da logomarca em silk , o modelo com decote careca possui ombros transpassados que facilitam a troca e fecho entrepernas com bot\u00f5es de press\u00e3o. Confort\u00e1vel e macio para o dia a dia do beb\u00ea.<\/p>\n<p><strong>Cuidados e Mat\u00e9ria- Prima<\/strong><\/p>\n<p>\u2022 100% algod\u00e3o.<\/p>\n<p>\u2022 Pode ser lavado em m\u00e1quina na temperatura m\u00e1xima de 30\u00b0C.<\/p>\n<p>\u2022 N\u00e3o usar produtos com cloro ou outros alvejantes.<\/p>\n<p>\u2022 \u00c9 permitido secar na m\u00e1quina com temperatura baixa.<\/p>\n<p>\u2022 \u00c9 permitido usar ferro at\u00e9 100\u00b0C sem vapor.<\/p>\n","protected":false},"featured_media":1632,"template":"","meta":[],"product_cat":[133],"product_tag":[],"_links":{"self":[{"href":"https:\/\/objetivoline.com.br\/varejo\/wp-json\/wp\/v2\/product\/1628"}],"collection":[{"href":"https:\/\/objetivoline.com.br\/varejo\/wp-json\/wp\/v2\/product"}],"about":[{"href":"https:\/\/objetivoline.com.br\/varejo\/wp-json\/wp\/v2\/types\/product"}],"wp:featuredmedia":[{"embeddable":true,"href":"https:\/\/objetivoline.com.br\/varejo\/wp-json\/wp\/v2\/media\/1632"}],"wp:attachment":[{"href":"https:\/\/objetivoline.com.br\/varejo\/wp-json\/wp\/v2\/media?parent=1628"}],"wp:term":[{"taxonomy":"product_cat","embeddable":true,"href":"https:\/\/objetivoline.com.br\/varejo\/wp-json\/wp\/v2\/product_cat?post=1628"},{"taxonomy":"product_tag","embeddable":true,"href":"https:\/\/objetivoline.com.br\/varejo\/wp-json\/wp\/v2\/product_tag?post=1628"}],"curies":[{"name":"wp","href":"https:\/\/api.w.org\/{rel}","templated":true}]}}