{"id":1968,"date":"2022-07-18T11:14:55","date_gmt":"2022-07-18T14:14:55","guid":{"rendered":"https:\/\/objetivoline.com.br\/varejo\/?page_id=1968"},"modified":"2022-08-09T15:04:41","modified_gmt":"2022-08-09T18:04:41","slug":"politica-de-compras","status":"publish","type":"page","link":"https:\/\/objetivoline.com.br\/varejo\/politica-de-compras\/","title":{"rendered":"Pol\u00edtica de compras (demais localidades)"},"content":{"rendered":"<p style=\"text-align: left;\">Bem-vindo ao website www.objetivoline.com.br\/varejo, onde todos os servi\u00e7os s\u00e3o<br \/>\nofertados pela empresa Issam Abdul Halim Sultan &#8211; EPP, inscrito sob o CNPJ n\u00ba<br \/>\n07.465.672\/0001-11, com endere\u00e7o na Rua Rua Aristides Bellini, 185 \u2013 KM 18 &#8211;<br \/>\nOsasco \u2013 SP, CEP: 06114-150, representado por meio dessa p\u00e1gina na web.<\/p>\n<hr \/>\n<p><span style=\"color: #2a3f84;\"><strong>1.Do Objeto<\/strong><\/span><br \/>\nEssa plataforma tem como finalidade de \u201ce-commerce\u201d, ou seja, disponibilizar a venda de<br \/>\nprodutos e servi\u00e7os online disponibilizados na nossa plataforma.<\/p>\n<p><span style=\"color: #2a3f84;\"><strong>2. Da reserva de produtos<\/strong><\/span><br \/>\n2.1 O nosso website n\u00e3o trabalha com nenhuma possibilidade de reservar qualquer um<br \/>\ndos produtos ofertados em nossa plataforma.<br \/>\n2.2 O fato de o produto estar no carrinho de compras n\u00e3o \u00e9 tido como uma reserva e n\u00e3o<br \/>\nimpossibilita que outras pessoas possam adquirir o produto e eles venham a se esgotar.<\/p>\n<p><span style=\"color: #2a3f84;\"><strong>3. Das obriga\u00e7\u00f5es do cliente<\/strong><\/span><br \/>\n3.1 O cliente dever\u00e1 informar os dados de forma completa e correta no momento de<br \/>\ncadastro em nossa plataforma.<br \/>\n3.2 \u00c9 responsabilidade do cliente qualquer erro na escrita ou na transmiss\u00e3o err\u00f4nea dos<br \/>\ndados.<br \/>\n3.3 Para efetuar qualquer compra em nosso website ou adicionar produtos ao carrinho \u00e9<br \/>\nnecess\u00e1rio logar preenchendo os dados de do cadastro.<br \/>\n3.4 N\u00e3o informar os seus dados de login a terceiros sob pena de ser responsabilizado por<br \/>\nqualquer conduta advinda desse uso.<br \/>\n3.5 Cada cliente s\u00f3 poder\u00e1 efetuar um cadastro, n\u00e3o sendo aceito mais de uma conta por<br \/>\nCPF.<br \/>\n3.6 Usar a plataforma respeitando a \u00e9tica, bons costumes, legisla\u00e7\u00f5es e ordenamentos<br \/>\nvigentes no pa\u00eds, sob pena de sofrer san\u00e7\u00f5es.<br \/>\n3.7 Ser maior de idade (18 anos) e ter capacidade plena para realizar o cadastro e efetuar<br \/>\ncompras em nossa plataforma.<br \/>\n3.7.1 Se um menor de idade ou pessoa f\u00edsica sem capacidade plena vir a adquirir algum<br \/>\nproduto ou servi\u00e7o ofertado em nossa plataforma, entenderemos que os respons\u00e1veis<br \/>\nautorizaram, respondendo esses por toda e qualquer situa\u00e7\u00e3o que advir, bem como pela<br \/>\ncompra.<br \/>\n3.8 N\u00e3o comentar ou enviar imagens nas avalia\u00e7\u00f5es que possam ir de encontro com a<br \/>\n\u00e9tica e o respeito, ou que tenha cunho difamat\u00f3rio, ofensivo, de \u00f3dio ou preconceituoso.<\/p>\n<p>3.9 N\u00e3o fornecer qualquer informa\u00e7\u00e3o falsa, fraudulenta ou que n\u00e3o seja correspondente<br \/>\naos seus dados.<\/p>\n<p><span style=\"color: #2a3f84;\"><strong>4. Das obriga\u00e7\u00f5es do propriet\u00e1rio do e-commerce<\/strong><\/span><br \/>\n4.1 Informar de forma ostensiva e verdadeira sobre as caracter\u00edsticas e especifica\u00e7\u00f5es do<br \/>\nproduto dispon\u00edvel para venda de forma clara e completa. ( Ex: Cores, altura, material ou<br \/>\nlargura).<br \/>\n4.2 Enviar os produtos dentro do prazo estabelecido.<br \/>\n4.3 Disponibilizar uma plataforma segura.<br \/>\n4.4 Disponibilizar imagens, \u00e1udios e v\u00eddeos informativos sobre os produtos ofertados, e<br \/>\ncondizentes com o que ser\u00e1 entregue ao cliente.<br \/>\n4.5 Emitir a nota fiscal do produto que ser\u00e1 enviado e envi\u00e1-la ao cliente junto do<br \/>\nproduto.<br \/>\n4.6 Informar como deve ocorrer o manuseio, a limpeza ou lavagem do produto e<br \/>\nqualquer informa\u00e7\u00e3o considerada relevante relacionada ao produto.<\/p>\n<p><span style=\"color: #2a3f84;\"><strong>5. Isen\u00e7\u00e3o de responsabilidade<\/strong><\/span><br \/>\n5.1 N\u00e3o nos responsabilizamos pelo mau uso ou manuseio errado do produto, que<br \/>\npossam acarretar danos ao produto adquirido em nossa plataforma.<br \/>\n5.2 Todos os produtos que vendemos est\u00e3o dentro dos padr\u00f5es e condi\u00e7\u00f5es que vem de<br \/>\nf\u00e1brica, do distribuidor ou da empresa que revendeu o produto.<br \/>\n5.3 Fornecemos todas as informa\u00e7\u00f5es pertinentes relacionadas ao produto, bem como os<br \/>\nmesmos s\u00e3o devidamente etiquetados dentro dos padr\u00f5es exigidos na legisla\u00e7\u00e3o.<\/p>\n<p><span style=\"color: #2a3f84;\"><strong>6. Da Propriedade intelectual<\/strong><\/span><br \/>\n6.1 Todo o design e pagina\u00e7\u00e3o s\u00e3o de propriedade do nosso website, e foram<br \/>\ndesenvolvidos por um prestador de servi\u00e7os que foi contratado para tal finalidade.<br \/>\n6.2 Toda imagem, ilustra\u00e7\u00e3o, obras de arte, HTML, nomes comerciais, softwares ou v\u00eddeo<br \/>\ndisponibilizados em nossa plataforma por um dos gerenciadores da p\u00e1gina s\u00e3o de nossa<br \/>\npropriedade.<br \/>\n6.2.1 As imagens e v\u00eddeos s\u00e3o meramente ilustrativas, pois dependendo do monitor ou<br \/>\nda tela do aparelho eletr\u00f4nico o mesmo pode apresentar varia\u00e7\u00e3o de cores ou tons.<br \/>\n6.3 A logo, a marca e toda a apar\u00eancia da webempresa\/empresa s\u00e3o de nossa<br \/>\npropriedade.<\/p>\n<p>6.4 \u00c9 vedada a c\u00f3pia sem autoriza\u00e7\u00e3o de qualquer imagem, v\u00eddeo, design, \u00e1udios,<br \/>\napar\u00eancia ou descri\u00e7\u00f5es de produtos existentes em nossa web p\u00e1gina, sob pena se<br \/>\nresponder por san\u00e7\u00f5es quem desobedecer.<br \/>\n6.5 N\u00e3o nos responsabilizamos por links externos que possam vir a aparecer em nossa<br \/>\np\u00e1gina.<br \/>\n6.5.1 H\u00e1 algumas \u00e1reas que poder\u00e3o apresentar propagandas ou divulga\u00e7\u00e3o de links, mas<br \/>\nn\u00e3o temos qualquer tipo de rela\u00e7\u00e3o, por isso muito cuidado ao navegar por essas p\u00e1ginas<br \/>\ne ao fornecer os seus dados, pois navegar por essas p\u00e1ginas \u00e9 responsabilidade do<br \/>\nusu\u00e1rio\/cliente.<br \/>\n6.6 Nada contido em nossa web p\u00e1gina garante o direito a concess\u00e3o de licen\u00e7a ou direito<br \/>\nde uso sem o consentimento expresso de um dos gerenciadores da p\u00e1gina ou do<br \/>\npropriet\u00e1rio da p\u00e1gina.<br \/>\n6.7 O consentimento de c\u00f3pia ou compartilhamento deve vir por escrito de forma clara e<br \/>\nexpressa.<br \/>\n6.8 \u00c9 vedado compartilhar, copiar, plagiar ou disponibilizar qualquer conte\u00fado, foto,<br \/>\nv\u00eddeo ou \u00e1udio encontrado em nosso site sem consentimento expresso.<\/p>\n<p><span style=\"color: #2a3f84;\"><strong>7. Formas de pagamento<\/strong><\/span><br \/>\n7.1 As formas de pagamento aceitas em nosso e-commerce s\u00e3o pix e pagseguro.<br \/>\n7.2 O produto ser\u00e1 enviado assim que o pagamento for processado, registrado e<br \/>\nconfirmado em nossa plataforma.<br \/>\n7.3 Qualquer outra forma de pagamento n\u00e3o \u00e9 aceita por nosso e-commerce.<br \/>\n7.4 Cupons de descontos s\u00e3o aceitos, desde que tenhamos disponibilizados, estando<br \/>\nsujeitos a esgotarem ou terem vig\u00eancia cancelada a qualquer momento.<br \/>\n7.5 Para solicitar o estorno entre em contato com a nossa Central de Atendimento ou<br \/>\nSAC.<\/p>\n<p><span style=\"color: #2a3f84;\"><strong>8. Entrega e envio do produto<\/strong><\/span><br \/>\n8.1 O produto ser\u00e1 enviado assim que o pagamento for confirmado, podendo ser enviado<br \/>\nat\u00e9 3 dias ap\u00f3s a confirma\u00e7\u00e3o do pagamento.<br \/>\n8.2 Os custos de envio e entrega estar\u00e3o dispostos no momento em que voc\u00ea estiver<br \/>\nquase finalizando a compra, na aba de frete\/entrega\/envio, onde voc\u00ea informar\u00e1 o seu<br \/>\nendere\u00e7o e CEP.<br \/>\n8.3 O cliente pagar\u00e1 pela entrega e o envio do produto com faixas pr\u00e9-definidas, ou de<br \/>\nacordo com o peso padr\u00e3o da categoria.<\/p>\n<p>&nbsp;<\/p>\n<p><span style=\"color: #2a3f84;\"><strong>9. Troca e devolu\u00e7\u00e3o<\/strong><\/span><br \/>\n9.1 O cliente poder\u00e1 devolver o produto ou trocar que foi adquirido em nosso e-<br \/>\ncommerce em at\u00e9 7 dias, seja qual for a raz\u00e3o, conforme a previs\u00e3o expressa no C\u00f3digo<br \/>\nde Defesa do Consumidor em seu art. 49.<br \/>\n9.1.1 Para que ocorra a troca ou a devolu\u00e7\u00e3o \u00e9 necess\u00e1rio que o produto esteja conforme<br \/>\nfoi entregue, com etiquetas e sem sinais de uso ou lavagem e sem qualquer tipo de<br \/>\nviola\u00e7\u00e3o nas etiquetas. Em caso de erro por parte do cliente no pedido (tamanho ou<br \/>\nmodelo errados), o frete de envio do produto para o nosso centro de distribui\u00e7\u00e3o ser\u00e1<br \/>\nde responsabilidade do Cliente. Ap\u00f3s o recebimento, checagem, corre\u00e7\u00e3o e\/ou<br \/>\naltera\u00e7\u00e3o do produto, as despesas com o frete do novo envio n\u00e3o ser\u00e3o cobradas do<br \/>\ncliente.<br \/>\n9.2 Se voc\u00ea requisitou a troca do produto o novo ser\u00e1 enviado para o endere\u00e7o e voc\u00ea<br \/>\nser\u00e1 notificado sobre o envio via e-mail.<br \/>\n9.3 Se voc\u00ea solicitou o reembolso, a devolu\u00e7\u00e3o do valor ocorrer\u00e1 da forma como foi<br \/>\nefetuado o pagamento.<br \/>\n9.3.1 Se foi via cart\u00e3o de cr\u00e9dito ou d\u00e9bito o valor ser\u00e1 creditado ou debitado na fatura<br \/>\natual ou na seguinte do cart\u00e3o, pois informaremos a administradora do cart\u00e3o.<br \/>\n9.3.2 Se o pagamento foi feito por outra via, o valor de reembolso ser\u00e1 restitu\u00eddo dentro<br \/>\nde 30 dias \u00fateis diretamente na conta que solicitaremos no momento de sua requisi\u00e7\u00e3o<br \/>\nde devolu\u00e7\u00e3o.<\/p>\n<p>9.3.3 O cliente pode trocar o tamanho , desde que o mesmo esteja dispon\u00edvel no estoque.<br \/>\n9.3.4 Os itens adquiridos em qualquer campanha promocional poder\u00e3o ser trocados<br \/>\npelo mesmo item ou outra pe\u00e7a de prefer\u00eancia, lembrando que o valor de cr\u00e9dito<br \/>\ngerado \u00e9 o valor cobrado no pedido, ou seja, se o item estiver em promo\u00e7\u00e3o ou for<br \/>\nutilizado um c\u00f3digo de desconto, o cr\u00e9dito gerado ser\u00e1 o valor pago pela pe\u00e7a com o<br \/>\ndesconto.<br \/>\n9.3.5 Nos produtos com avaria ou defeito o frete de envio para o nosso centro de distribui\u00e7\u00e3o<br \/>\nbem como o envio de volta ao cliente com o produto corrigido e\/ou alterado n\u00e3o ser\u00e3o<br \/>\ncobrados do Cliente. \u00c9 responsabilidade do Cliente conferir a(s) pe\u00e7a(s) t\u00e3o logo receba sua<br \/>\nencomenda de volta. N\u00e3o trocamos pe\u00e7as usadas, lavadas ou sem etiqueta.<br \/>\n9.3.6 Para solicitar uma troca por defeito, o cliente deve entrar em contato por whats<br \/>\napp ou e-mail.<\/p>\n<p><strong><span style=\"color: #2a3f84;\">10. Do Foro<\/span><\/strong><br \/>\n10. Fica eleito o foro da Cidade da nossa empresa, para dirimir quaisquer controv\u00e9rsias,<br \/>\nd\u00favidas, desentendimentos, lit\u00edgios ou quest\u00f5es advindas da rela\u00e7\u00e3o cliente e e-<br \/>\ncommerce, mesmo que possa existir algum local, por mais privilegiado que possa ser.<\/p>\n","protected":false},"excerpt":{"rendered":"<p>Bem-vindo ao website www.objetivoline.com.br\/varejo, onde todos os servi\u00e7os s\u00e3o ofertados pela empresa Issam Abdul Halim Sultan &#8211; EPP, inscrito sob&nbsp;[&hellip;]<\/p>\n","protected":false},"author":1,"featured_media":0,"parent":0,"menu_order":0,"comment_status":"closed","ping_status":"closed","template":"","meta":{"footnotes":""},"_links":{"self":[{"href":"https:\/\/objetivoline.com.br\/varejo\/wp-json\/wp\/v2\/pages\/1968"}],"collection":[{"href":"https:\/\/objetivoline.com.br\/varejo\/wp-json\/wp\/v2\/pages"}],"about":[{"href":"https:\/\/objetivoline.com.br\/varejo\/wp-json\/wp\/v2\/types\/page"}],"author":[{"embeddable":true,"href":"https:\/\/objetivoline.com.br\/varejo\/wp-json\/wp\/v2\/users\/1"}],"replies":[{"embeddable":true,"href":"https:\/\/objetivoline.com.br\/varejo\/wp-json\/wp\/v2\/comments?post=1968"}],"version-history":[{"count":11,"href":"https:\/\/objetivoline.com.br\/varejo\/wp-json\/wp\/v2\/pages\/1968\/revisions"}],"predecessor-version":[{"id":2065,"href":"https:\/\/objetivoline.com.br\/varejo\/wp-json\/wp\/v2\/pages\/1968\/revisions\/2065"}],"wp:attachment":[{"href":"https:\/\/objetivoline.com.br\/varejo\/wp-json\/wp\/v2\/media?parent=1968"}],"curies":[{"name":"wp","href":"https:\/\/api.w.org\/{rel}","templated":true}]}}