{"id":1378,"date":"2021-12-22T02:46:44","date_gmt":"2021-12-22T05:46:44","guid":{"rendered":"https:\/\/objetivoline.com.br\/varejo\/?page_id=1378"},"modified":"2022-07-18T16:18:45","modified_gmt":"2022-07-18T19:18:45","slug":"termos-e-condicoes","status":"publish","type":"page","link":"https:\/\/objetivoline.com.br\/varejo\/termos-e-condicoes\/","title":{"rendered":"Termos e condi\u00e7\u00f5es (S\u00e3o Paulo)"},"content":{"rendered":"<div class=\"col-12\" style=\"background: #2a3f84; color: #ffffff; padding: 3rem;\"><strong style=\"color: #ffffff; font-size: 3rem; line-height: 3rem;\">Termos e condi\u00e7\u00f5es<br \/>\ndo sistema take away<\/strong><\/div>\n<div class=\"col-12\" style=\"background: #2a3f84; color: #ffffff; padding: 3rem;\">&#8211; Os pedidos somente podem ser feitos de forma on line. Lojas e plant\u00f5es n\u00e3o aceitam pedidos de take away.<br \/>\n&#8211; As compras destinam-se apenas para entregas em SP e Grande SP.<br \/>\n&#8211; Os pedidos somente poder\u00e3o ser retirados nas lojas dispon\u00edveis.<br \/>\n&#8211; O Take Away configura um servi\u00e7o de retirada no ponto de venda.<br \/>\n&#8211; N\u00e3o ser\u00e3o aceitos agendamentos de pagamentos.<br \/>\n&#8211; Nesse momento as \u00fanicas formas de pagamento s\u00e3o o PIX e o PagSeguro.<br \/>\n&#8211; Trocas de produtos comprados no sistema take away somente ser\u00e3o realizadas nas lojas. Respeitando a pol\u00edtica de trocas da empresa.<br \/>\n(trocamos pe\u00e7as novas com etiquetas e sem sinais de uso ou lavagem com at\u00e9 30 dias da data da compra mediante<br \/>\na apresenta\u00e7\u00e3o do cupom fiscal).<\/div>\n","protected":false},"excerpt":{"rendered":"<p>Termos e condi\u00e7\u00f5es do sistema take away &#8211; Os pedidos somente podem ser feitos de forma on line. Lojas e&nbsp;[&hellip;]<\/p>\n","protected":false},"author":1,"featured_media":0,"parent":0,"menu_order":0,"comment_status":"closed","ping_status":"closed","template":"","meta":{"footnotes":""},"_links":{"self":[{"href":"https:\/\/objetivoline.com.br\/varejo\/wp-json\/wp\/v2\/pages\/1378"}],"collection":[{"href":"https:\/\/objetivoline.com.br\/varejo\/wp-json\/wp\/v2\/pages"}],"about":[{"href":"https:\/\/objetivoline.com.br\/varejo\/wp-json\/wp\/v2\/types\/page"}],"author":[{"embeddable":true,"href":"https:\/\/objetivoline.com.br\/varejo\/wp-json\/wp\/v2\/users\/1"}],"replies":[{"embeddable":true,"href":"https:\/\/objetivoline.com.br\/varejo\/wp-json\/wp\/v2\/comments?post=1378"}],"version-history":[{"count":16,"href":"https:\/\/objetivoline.com.br\/varejo\/wp-json\/wp\/v2\/pages\/1378\/revisions"}],"predecessor-version":[{"id":1992,"href":"https:\/\/objetivoline.com.br\/varejo\/wp-json\/wp\/v2\/pages\/1378\/revisions\/1992"}],"wp:attachment":[{"href":"https:\/\/objetivoline.com.br\/varejo\/wp-json\/wp\/v2\/media?parent=1378"}],"curies":[{"name":"wp","href":"https:\/\/api.w.org\/{rel}","templated":true}]}}